{"id":1667,"date":"2023-04-03T04:33:35","date_gmt":"2023-04-03T04:33:35","guid":{"rendered":"https:\/\/themeholy.com\/wordpress\/plumer\/?page_id=22"},"modified":"2026-01-19T23:30:09","modified_gmt":"2026-01-19T22:30:09","slug":"services","status":"publish","type":"page","link":"https:\/\/msidee.com\/index.php\/services\/","title":{"rendered":"Services"},"content":{"rendered":"\t\t<div data-elementor-type=\"wp-page\" data-elementor-id=\"1667\" class=\"elementor elementor-1667\">\n\t\t\t\t\t\t\t\t\t<section class=\"elementor-section elementor-top-section elementor-element elementor-element-4d69e30 elementor-section-boxed elementor-section-height-default elementor-section-height-default\" data-id=\"4d69e30\" data-element_type=\"section\">\n\t\t\t\t\t\t<div class=\"elementor-container elementor-column-gap-no\">\n\t\t\t\t\t<div class=\"elementor-column elementor-col-100 elementor-top-column elementor-element elementor-element-6ee702f\" data-id=\"6ee702f\" data-element_type=\"column\">\n\t\t\t<div class=\"elementor-widget-wrap elementor-element-populated\">\n\t\t\t\t\t\t\t\t<div class=\"elementor-element elementor-element-4e4a9e5 elementor-widget elementor-widget-plumerservice\" data-id=\"4e4a9e5\" data-element_type=\"widget\" data-widget_type=\"plumerservice.default\">\n\t\t\t\t<div class=\"elementor-widget-container\">\n\t\t\t<div class=\"row gy-30\"><div class=\"col-md-6 col-xl-4\"><div class=\"service-block\"><div class=\"shape1\"><\/div><div class=\"service-block_icon\"><div class=\"icon\"><img decoding=\"async\" src=\"https:\/\/msidee.com\/wp-content\/uploads\/2023\/07\/service_block_etudeconception.png\" alt=\"service_block_etudeconception\"  \/><\/div><\/div><div class=\"service-block_img\"><img decoding=\"async\" src=\"https:\/\/msidee.com\/wp-content\/uploads\/2023\/07\/service_block_etudeconception-1.png\" alt=\"service_block_etudeconception 1\"  \/><\/div><h3 class=\"box-title\"><a href=\"https:\/\/msidee.com\/index.php\/etude-conception\/\">Etude &amp; Conception<\/a><\/h3><p class=\"service-block_text\">R\u00e9alisation compl\u00e8te d&#039;\u00e9l\u00e9ments compl\u00e9mentaires sur les cha\u00eenes de production.<\/p><a href=\"https:\/\/msidee.com\/index.php\/etude-conception\/\" class=\"themeholy-btn\">Voir plus<\/a><div class=\"ripple-shape\"><span class=\"ripple-1\"><\/span><span class=\"ripple-2\"><\/span><span class=\"ripple-3\"><\/span><span class=\"ripple-4\"><\/span><span class=\"ripple-5\"><\/span><span class=\"ripple-6\"><\/span><\/div><\/div><\/div><div class=\"col-md-6 col-xl-4\"><div class=\"service-block\"><div class=\"shape1\"><\/div><div class=\"service-block_icon\"><div class=\"icon\"><img decoding=\"async\" src=\"https:\/\/msidee.com\/wp-content\/uploads\/2023\/07\/service_block_icon_industrie.png\" alt=\"service_block_icon_industrie\"  \/><\/div><\/div><div class=\"service-block_img\"><img decoding=\"async\" src=\"https:\/\/msidee.com\/wp-content\/uploads\/2023\/07\/service_block_industrie-1.png\" alt=\"service_block_industrie 1\"  \/><\/div><h3 class=\"box-title\"><a href=\"https:\/\/msidee.com\/index.php\/industrie\/\">Industrie<\/a><\/h3><p class=\"service-block_text\">D\u00e9pannage et entretien de machines industrielles.<\/p><a href=\"https:\/\/msidee.com\/index.php\/industrie\/\" class=\"themeholy-btn\">voir plus<\/a><div class=\"ripple-shape\"><span class=\"ripple-1\"><\/span><span class=\"ripple-2\"><\/span><span class=\"ripple-3\"><\/span><span class=\"ripple-4\"><\/span><span class=\"ripple-5\"><\/span><span class=\"ripple-6\"><\/span><\/div><\/div><\/div><div class=\"col-md-6 col-xl-4\"><div class=\"service-block\"><div class=\"shape1\"><\/div><div class=\"service-block_icon\"><div class=\"icon\"><img decoding=\"async\" src=\"https:\/\/msidee.com\/wp-content\/uploads\/2023\/07\/service_block_icon_reparation.png\" alt=\"service_block_icon_reparation\"  \/><\/div><\/div><div class=\"service-block_img\"><img decoding=\"async\" src=\"https:\/\/msidee.com\/wp-content\/uploads\/2023\/07\/service_grid_reparations.png\" alt=\"service_grid_reparations\"  \/><\/div><h3 class=\"box-title\"><a href=\"https:\/\/msidee.com\/index.php\/reparation\/\">R\u00e9paration<\/a><\/h3><p class=\"service-block_text\">R\u00e9paration de divers \u00e9l\u00e9ments dans les process industriels. Pompe \u00e0 vide et autres.<\/p><a href=\"https:\/\/msidee.com\/index.php\/reparation\/\" class=\"themeholy-btn\">voir plus<\/a><div class=\"ripple-shape\"><span class=\"ripple-1\"><\/span><span class=\"ripple-2\"><\/span><span class=\"ripple-3\"><\/span><span class=\"ripple-4\"><\/span><span class=\"ripple-5\"><\/span><span class=\"ripple-6\"><\/span><\/div><\/div><\/div><div class=\"col-md-6 col-xl-4\"><div class=\"service-block\"><div class=\"shape1\"><\/div><div class=\"service-block_icon\"><div class=\"icon\"><img decoding=\"async\" src=\"https:\/\/msidee.com\/wp-content\/uploads\/2023\/07\/service_block_icon_electronique.png\" alt=\"service_block_icon_electronique\"  \/><\/div><\/div><div class=\"service-block_img\"><img decoding=\"async\" src=\"https:\/\/msidee.com\/wp-content\/uploads\/2023\/07\/service_grid_electronique.png\" alt=\"service_grid_electronique\"  \/><\/div><h3 class=\"box-title\"><a href=\"https:\/\/msidee.com\/index.php\/electronique\/\">Electronique<\/a><\/h3><p class=\"service-block_text\">R\u00e9paration, optimisation de syst\u00e8mes \u00e9lectroniques.<\/p><a href=\"https:\/\/msidee.com\/index.php\/electronique\/\" class=\"themeholy-btn\">voir plus<\/a><div class=\"ripple-shape\"><span class=\"ripple-1\"><\/span><span class=\"ripple-2\"><\/span><span class=\"ripple-3\"><\/span><span class=\"ripple-4\"><\/span><span class=\"ripple-5\"><\/span><span class=\"ripple-6\"><\/span><\/div><\/div><\/div><div class=\"col-md-6 col-xl-4\"><div class=\"service-block\"><div class=\"shape1\"><\/div><div class=\"service-block_icon\"><div class=\"icon\"><img decoding=\"async\" src=\"https:\/\/msidee.com\/wp-content\/uploads\/2026\/01\/service_block_5.svg\" alt=\"service_block_5\"  \/><\/div><\/div><div class=\"service-block_img\"><img decoding=\"async\" src=\"https:\/\/msidee.com\/wp-content\/uploads\/2023\/07\/service_grid_aspiration-1.png\" alt=\"service_grid_aspiration 1\"  \/><\/div><h3 class=\"box-title\"><a href=\"https:\/\/msidee.com\/index.php\/aspiration\/\">Aspiration<\/a><\/h3><p class=\"service-block_text\">Cr\u00e9ation de syst\u00e8mes d&#039;aspiration, pour copeaux, COV...<\/p><a href=\"https:\/\/msidee.com\/index.php\/aspiration\/\" class=\"themeholy-btn\">voir plus<\/a><div class=\"ripple-shape\"><span class=\"ripple-1\"><\/span><span class=\"ripple-2\"><\/span><span class=\"ripple-3\"><\/span><span class=\"ripple-4\"><\/span><span class=\"ripple-5\"><\/span><span class=\"ripple-6\"><\/span><\/div><\/div><\/div><div class=\"col-md-6 col-xl-4\"><div class=\"service-block\"><div class=\"shape1\"><\/div><div class=\"service-block_icon\"><div class=\"icon\"><img decoding=\"async\" src=\"https:\/\/msidee.com\/wp-content\/uploads\/2023\/07\/service_block_icon_demontage-3.png\" alt=\"service_block_icon_demontage 3\"  \/><\/div><\/div><div class=\"service-block_img\"><img decoding=\"async\" src=\"https:\/\/msidee.com\/wp-content\/uploads\/2023\/07\/service_grid_demenagement.png\" alt=\"service_grid_demenagement\"  \/><\/div><h3 class=\"box-title\"><a href=\"https:\/\/msidee.com\/index.php\/demenagement\/\">D\u00e9m\u00e9nagement<\/a><\/h3><p class=\"service-block_text\">D\u00e9m\u00e9nagement de machines. D\u00e9montage et remontage sur un autre site.<\/p><a href=\"https:\/\/msidee.com\/index.php\/demenagement\/\" class=\"themeholy-btn\">voir plus<\/a><div class=\"ripple-shape\"><span class=\"ripple-1\"><\/span><span class=\"ripple-2\"><\/span><span class=\"ripple-3\"><\/span><span class=\"ripple-4\"><\/span><span class=\"ripple-5\"><\/span><span class=\"ripple-6\"><\/span><\/div><\/div><\/div><\/div>\t\t<\/div>\n\t\t\t\t<\/div>\n\t\t\t\t\t<\/div>\n\t\t<\/div>\n\t\t\t\t\t\t\t<\/div>\n\t\t<\/section>\n\t\t\t\t\t\t\t<\/div>\n\t\t","protected":false},"excerpt":{"rendered":"<p>Etude &amp; Conception R\u00e9alisation compl\u00e8te d&#039;\u00e9l\u00e9ments compl\u00e9mentaires sur les cha\u00eenes de production. Voir plus Industrie D\u00e9pannage et entretien de machines industrielles. voir plus R\u00e9paration R\u00e9paration de divers \u00e9l\u00e9ments dans les process industriels. Pompe \u00e0 vide et autres. voir plus Electronique R\u00e9paration, optimisation de syst\u00e8mes \u00e9lectroniques. voir plus Aspiration Cr\u00e9ation de syst\u00e8mes d&#039;aspiration, pour copeaux, COV&#8230;&#8230;<\/p>\n","protected":false},"author":1,"featured_media":2229,"parent":0,"menu_order":0,"comment_status":"closed","ping_status":"closed","template":"template-builder.php","meta":{"footnotes":""},"class_list":["post-1667","page","type-page","status-publish","has-post-thumbnail","hentry"],"_links":{"self":[{"href":"https:\/\/msidee.com\/index.php\/wp-json\/wp\/v2\/pages\/1667","targetHints":{"allow":["GET"]}}],"collection":[{"href":"https:\/\/msidee.com\/index.php\/wp-json\/wp\/v2\/pages"}],"about":[{"href":"https:\/\/msidee.com\/index.php\/wp-json\/wp\/v2\/types\/page"}],"author":[{"embeddable":true,"href":"https:\/\/msidee.com\/index.php\/wp-json\/wp\/v2\/users\/1"}],"replies":[{"embeddable":true,"href":"https:\/\/msidee.com\/index.php\/wp-json\/wp\/v2\/comments?post=1667"}],"version-history":[{"count":52,"href":"https:\/\/msidee.com\/index.php\/wp-json\/wp\/v2\/pages\/1667\/revisions"}],"predecessor-version":[{"id":2341,"href":"https:\/\/msidee.com\/index.php\/wp-json\/wp\/v2\/pages\/1667\/revisions\/2341"}],"wp:featuredmedia":[{"embeddable":true,"href":"https:\/\/msidee.com\/index.php\/wp-json\/wp\/v2\/media\/2229"}],"wp:attachment":[{"href":"https:\/\/msidee.com\/index.php\/wp-json\/wp\/v2\/media?parent=1667"}],"curies":[{"name":"wp","href":"https:\/\/api.w.org\/{rel}","templated":true}]}}