{"id":1992,"date":"2023-07-10T15:55:27","date_gmt":"2023-07-10T13:55:27","guid":{"rendered":"http:\/\/msidee.fr\/?page_id=1992"},"modified":"2023-12-12T10:16:16","modified_gmt":"2023-12-12T09:16:16","slug":"reparation","status":"publish","type":"page","link":"https:\/\/msidee.com\/index.php\/reparation\/","title":{"rendered":"R\u00e9paration"},"content":{"rendered":"\t\t<div data-elementor-type=\"wp-page\" data-elementor-id=\"1992\" class=\"elementor elementor-1992\">\n\t\t\t\t\t\t\t\t\t<section class=\"elementor-section elementor-top-section elementor-element elementor-element-95b0891 elementor-section-boxed elementor-section-height-default elementor-section-height-default\" data-id=\"95b0891\" data-element_type=\"section\">\n\t\t\t\t\t\t<div class=\"elementor-container elementor-column-gap-no\">\n\t\t\t\t\t<div class=\"elementor-column elementor-col-100 elementor-top-column elementor-element elementor-element-3f9a0af\" data-id=\"3f9a0af\" data-element_type=\"column\">\n\t\t\t<div class=\"elementor-widget-wrap elementor-element-populated\">\n\t\t\t\t\t\t\t\t<section class=\"elementor-section elementor-inner-section elementor-element elementor-element-1bcfff2 elementor-section-full_width elementor-section-height-default elementor-section-height-default\" data-id=\"1bcfff2\" data-element_type=\"section\">\n\t\t\t\t\t\t<div class=\"elementor-container elementor-column-gap-no\">\n\t\t\t\t\t<div class=\"elementor-column elementor-col-50 elementor-inner-column elementor-element elementor-element-584f89e\" data-id=\"584f89e\" data-element_type=\"column\">\n\t\t\t<div class=\"elementor-widget-wrap elementor-element-populated\">\n\t\t\t\t\t\t\t\t<div class=\"elementor-element elementor-element-ae88673 elementor-widget elementor-widget-text-editor\" data-id=\"ae88673\" data-element_type=\"widget\" data-widget_type=\"text-editor.default\">\n\t\t\t\t<div class=\"elementor-widget-container\">\n\t\t\t<style>\/*! elementor - v3.13.3 - 28-05-2023 *\/\n.elementor-widget-text-editor.elementor-drop-cap-view-stacked .elementor-drop-cap{background-color:#69727d;color:#fff}.elementor-widget-text-editor.elementor-drop-cap-view-framed .elementor-drop-cap{color:#69727d;border:3px solid;background-color:transparent}.elementor-widget-text-editor:not(.elementor-drop-cap-view-default) .elementor-drop-cap{margin-top:8px}.elementor-widget-text-editor:not(.elementor-drop-cap-view-default) .elementor-drop-cap-letter{width:1em;height:1em}.elementor-widget-text-editor .elementor-drop-cap{float:left;text-align:center;line-height:1;font-size:50px}.elementor-widget-text-editor .elementor-drop-cap-letter{display:inline-block}<\/style>\t\t\t\t<div>R\u00e9paration de divers \u00e9l\u00e9ments dans les process industriels, pompe \u00e0\u00a0vide\u00a0et\u00a0autres.<\/div>\t\t\t\t\t\t<\/div>\n\t\t\t\t<\/div>\n\t\t\t\t<div class=\"elementor-element elementor-element-0944c18 elementor-widget elementor-widget-image\" data-id=\"0944c18\" data-element_type=\"widget\" data-widget_type=\"image.default\">\n\t\t\t\t<div class=\"elementor-widget-container\">\n\t\t\t<style>\/*! elementor - v3.13.3 - 28-05-2023 *\/\n.elementor-widget-image{text-align:center}.elementor-widget-image a{display:inline-block}.elementor-widget-image a img[src$=\".svg\"]{width:48px}.elementor-widget-image img{vertical-align:middle;display:inline-block}<\/style>\t\t\t\t\t\t\t\t\t\t\t\t<img loading=\"lazy\" decoding=\"async\" width=\"751\" height=\"592\" src=\"https:\/\/msidee.com\/wp-content\/uploads\/2023\/07\/service_inner_reparation_1_grand-1024x807.png\" class=\"attachment-large size-large wp-image-1994\" alt=\"\" srcset=\"https:\/\/msidee.com\/wp-content\/uploads\/2023\/07\/service_inner_reparation_1_grand-1024x807.png 1024w, https:\/\/msidee.com\/wp-content\/uploads\/2023\/07\/service_inner_reparation_1_grand-300x236.png 300w, https:\/\/msidee.com\/wp-content\/uploads\/2023\/07\/service_inner_reparation_1_grand-768x605.png 768w, https:\/\/msidee.com\/wp-content\/uploads\/2023\/07\/service_inner_reparation_1_grand-1536x1210.png 1536w, https:\/\/msidee.com\/wp-content\/uploads\/2023\/07\/service_inner_reparation_1_grand-2048x1613.png 2048w, https:\/\/msidee.com\/wp-content\/uploads\/2023\/07\/service_inner_reparation_1_grand-600x473.png 600w\" sizes=\"auto, (max-width: 751px) 100vw, 751px\" \/>\t\t\t\t\t\t\t\t\t\t\t\t\t\t\t<\/div>\n\t\t\t\t<\/div>\n\t\t\t\t<div class=\"elementor-element elementor-element-baed043 elementor-widget elementor-widget-image\" data-id=\"baed043\" data-element_type=\"widget\" data-widget_type=\"image.default\">\n\t\t\t\t<div class=\"elementor-widget-container\">\n\t\t\t\t\t\t\t\t\t\t\t\t\t\t\t<img loading=\"lazy\" decoding=\"async\" width=\"751\" height=\"1001\" src=\"https:\/\/msidee.com\/wp-content\/uploads\/2023\/07\/service_inner_reparation_2_grand-768x1024.png\" class=\"attachment-large size-large wp-image-1995\" alt=\"\" srcset=\"https:\/\/msidee.com\/wp-content\/uploads\/2023\/07\/service_inner_reparation_2_grand-768x1024.png 768w, https:\/\/msidee.com\/wp-content\/uploads\/2023\/07\/service_inner_reparation_2_grand-225x300.png 225w, https:\/\/msidee.com\/wp-content\/uploads\/2023\/07\/service_inner_reparation_2_grand-1152x1536.png 1152w, https:\/\/msidee.com\/wp-content\/uploads\/2023\/07\/service_inner_reparation_2_grand-1536x2048.png 1536w, https:\/\/msidee.com\/wp-content\/uploads\/2023\/07\/service_inner_reparation_2_grand-600x800.png 600w, https:\/\/msidee.com\/wp-content\/uploads\/2023\/07\/service_inner_reparation_2_grand.png 1875w\" sizes=\"auto, (max-width: 751px) 100vw, 751px\" \/>\t\t\t\t\t\t\t\t\t\t\t\t\t\t\t<\/div>\n\t\t\t\t<\/div>\n\t\t\t\t\t<\/div>\n\t\t<\/div>\n\t\t\t\t<div class=\"elementor-column elementor-col-50 elementor-inner-column elementor-element elementor-element-9e1a99b sidebar-area elementor-invisible\" data-id=\"9e1a99b\" data-element_type=\"column\" data-settings=\"{&quot;animation&quot;:&quot;bounceIn&quot;}\">\n\t\t\t<div class=\"elementor-widget-wrap elementor-element-populated\">\n\t\t\t\t\t\t\t\t<div class=\"elementor-element elementor-element-0399ee0 elementor-widget elementor-widget-text-editor\" data-id=\"0399ee0\" data-element_type=\"widget\" data-widget_type=\"text-editor.default\">\n\t\t\t\t<div class=\"elementor-widget-container\">\n\t\t\t\t\t\t\t<div class=\"widget widget_call \" data-bg-src=\"assets\/img\/bg\/widget_bg_1.jpg\"><div class=\"widget-call\"><h4 class=\"box-title\">Un besoin en r\u00e9paration ?<\/h4><p>\u00a0<\/p><p><a class=\"call\" href=\"http:\/\/+33613026652\">+33-6-13-02-66-52<\/a><\/p><p class=\"text\">Contactez-nous pour<br \/>convenir d&#8217;un rendez-vous.<\/p><p><a class=\"themeholy-btn style3\" href=\"https:\/\/msidee.com\/index.php\/contact\/\">Nous contacter<\/a><\/p><\/div><\/div>\t\t\t\t\t\t<\/div>\n\t\t\t\t<\/div>\n\t\t\t\t\t<\/div>\n\t\t<\/div>\n\t\t\t\t\t\t\t<\/div>\n\t\t<\/section>\n\t\t\t\t\t<\/div>\n\t\t<\/div>\n\t\t\t\t\t\t\t<\/div>\n\t\t<\/section>\n\t\t\t\t\t\t\t<\/div>\n\t\t","protected":false},"excerpt":{"rendered":"<p>R\u00e9paration de divers \u00e9l\u00e9ments dans les process industriels, pompe \u00e0\u00a0vide\u00a0et\u00a0autres. Un besoin en r\u00e9paration ? \u00a0 +33-6-13-02-66-52 Contactez-nous pourconvenir d&#8217;un rendez-vous. Nous contacter<\/p>\n","protected":false},"author":1,"featured_media":0,"parent":0,"menu_order":0,"comment_status":"closed","ping_status":"closed","template":"","meta":{"footnotes":""},"class_list":["post-1992","page","type-page","status-publish","hentry"],"_links":{"self":[{"href":"https:\/\/msidee.com\/index.php\/wp-json\/wp\/v2\/pages\/1992","targetHints":{"allow":["GET"]}}],"collection":[{"href":"https:\/\/msidee.com\/index.php\/wp-json\/wp\/v2\/pages"}],"about":[{"href":"https:\/\/msidee.com\/index.php\/wp-json\/wp\/v2\/types\/page"}],"author":[{"embeddable":true,"href":"https:\/\/msidee.com\/index.php\/wp-json\/wp\/v2\/users\/1"}],"replies":[{"embeddable":true,"href":"https:\/\/msidee.com\/index.php\/wp-json\/wp\/v2\/comments?post=1992"}],"version-history":[{"count":13,"href":"https:\/\/msidee.com\/index.php\/wp-json\/wp\/v2\/pages\/1992\/revisions"}],"predecessor-version":[{"id":2188,"href":"https:\/\/msidee.com\/index.php\/wp-json\/wp\/v2\/pages\/1992\/revisions\/2188"}],"wp:attachment":[{"href":"https:\/\/msidee.com\/index.php\/wp-json\/wp\/v2\/media?parent=1992"}],"curies":[{"name":"wp","href":"https:\/\/api.w.org\/{rel}","templated":true}]}}