{"id":1999,"date":"2023-07-10T22:47:04","date_gmt":"2023-07-10T20:47:04","guid":{"rendered":"http:\/\/msidee.fr\/?page_id=1999"},"modified":"2023-07-25T16:31:55","modified_gmt":"2023-07-25T14:31:55","slug":"electronique","status":"publish","type":"page","link":"https:\/\/msidee.com\/index.php\/electronique\/","title":{"rendered":"Electronique"},"content":{"rendered":"\t\t<div data-elementor-type=\"wp-page\" data-elementor-id=\"1999\" class=\"elementor elementor-1999\">\n\t\t\t\t\t\t\t\t\t<section class=\"elementor-section elementor-top-section elementor-element elementor-element-640db65 elementor-section-boxed elementor-section-height-default elementor-section-height-default\" data-id=\"640db65\" data-element_type=\"section\">\n\t\t\t\t\t\t<div class=\"elementor-container elementor-column-gap-no\">\n\t\t\t\t\t<div class=\"elementor-column elementor-col-100 elementor-top-column elementor-element elementor-element-7d77a22\" data-id=\"7d77a22\" data-element_type=\"column\">\n\t\t\t<div class=\"elementor-widget-wrap elementor-element-populated\">\n\t\t\t\t\t\t\t\t<section class=\"elementor-section elementor-inner-section elementor-element elementor-element-c2384ee elementor-section-full_width elementor-section-height-default elementor-section-height-default\" data-id=\"c2384ee\" data-element_type=\"section\">\n\t\t\t\t\t\t<div class=\"elementor-container elementor-column-gap-no\">\n\t\t\t\t\t<div class=\"elementor-column elementor-col-50 elementor-inner-column elementor-element elementor-element-2fd94d4\" data-id=\"2fd94d4\" data-element_type=\"column\">\n\t\t\t<div class=\"elementor-widget-wrap elementor-element-populated\">\n\t\t\t\t\t\t\t\t<div class=\"elementor-element elementor-element-f67fe50 elementor-widget elementor-widget-text-editor\" data-id=\"f67fe50\" data-element_type=\"widget\" data-widget_type=\"text-editor.default\">\n\t\t\t\t<div class=\"elementor-widget-container\">\n\t\t\t<style>\/*! elementor - v3.13.3 - 28-05-2023 *\/\n.elementor-widget-text-editor.elementor-drop-cap-view-stacked .elementor-drop-cap{background-color:#69727d;color:#fff}.elementor-widget-text-editor.elementor-drop-cap-view-framed .elementor-drop-cap{color:#69727d;border:3px solid;background-color:transparent}.elementor-widget-text-editor:not(.elementor-drop-cap-view-default) .elementor-drop-cap{margin-top:8px}.elementor-widget-text-editor:not(.elementor-drop-cap-view-default) .elementor-drop-cap-letter{width:1em;height:1em}.elementor-widget-text-editor .elementor-drop-cap{float:left;text-align:center;line-height:1;font-size:50px}.elementor-widget-text-editor .elementor-drop-cap-letter{display:inline-block}<\/style>\t\t\t\t<div>Remise en \u00e9tat d&#8217;une carte \u00e9lectronique suite \u00e0 un court circuit.<\/div>\t\t\t\t\t\t<\/div>\n\t\t\t\t<\/div>\n\t\t\t\t<div class=\"elementor-element elementor-element-2327d43 elementor-widget elementor-widget-image\" data-id=\"2327d43\" data-element_type=\"widget\" data-widget_type=\"image.default\">\n\t\t\t\t<div class=\"elementor-widget-container\">\n\t\t\t<style>\/*! elementor - v3.13.3 - 28-05-2023 *\/\n.elementor-widget-image{text-align:center}.elementor-widget-image a{display:inline-block}.elementor-widget-image a img[src$=\".svg\"]{width:48px}.elementor-widget-image img{vertical-align:middle;display:inline-block}<\/style>\t\t\t\t\t\t\t\t\t\t\t\t<img loading=\"lazy\" decoding=\"async\" width=\"751\" height=\"1001\" src=\"https:\/\/msidee.com\/wp-content\/uploads\/2023\/07\/service_inner_electrique_1_grand-768x1024.png\" class=\"attachment-large size-large wp-image-2001\" alt=\"\" srcset=\"https:\/\/msidee.com\/wp-content\/uploads\/2023\/07\/service_inner_electrique_1_grand-768x1024.png 768w, https:\/\/msidee.com\/wp-content\/uploads\/2023\/07\/service_inner_electrique_1_grand-225x300.png 225w, https:\/\/msidee.com\/wp-content\/uploads\/2023\/07\/service_inner_electrique_1_grand-1152x1536.png 1152w, https:\/\/msidee.com\/wp-content\/uploads\/2023\/07\/service_inner_electrique_1_grand-1536x2048.png 1536w, https:\/\/msidee.com\/wp-content\/uploads\/2023\/07\/service_inner_electrique_1_grand-600x800.png 600w, https:\/\/msidee.com\/wp-content\/uploads\/2023\/07\/service_inner_electrique_1_grand.png 1875w\" sizes=\"auto, (max-width: 751px) 100vw, 751px\" \/>\t\t\t\t\t\t\t\t\t\t\t\t\t\t\t<\/div>\n\t\t\t\t<\/div>\n\t\t\t\t<div class=\"elementor-element elementor-element-b16af4c elementor-widget elementor-widget-image\" data-id=\"b16af4c\" data-element_type=\"widget\" data-widget_type=\"image.default\">\n\t\t\t\t<div class=\"elementor-widget-container\">\n\t\t\t\t\t\t\t\t\t\t\t\t\t\t\t<img loading=\"lazy\" decoding=\"async\" width=\"751\" height=\"601\" src=\"https:\/\/msidee.com\/wp-content\/uploads\/2023\/07\/service_inner_electrique_2_grand-1024x820.png\" class=\"attachment-large size-large wp-image-2002\" alt=\"\" srcset=\"https:\/\/msidee.com\/wp-content\/uploads\/2023\/07\/service_inner_electrique_2_grand-1024x820.png 1024w, https:\/\/msidee.com\/wp-content\/uploads\/2023\/07\/service_inner_electrique_2_grand-300x240.png 300w, https:\/\/msidee.com\/wp-content\/uploads\/2023\/07\/service_inner_electrique_2_grand-768x615.png 768w, https:\/\/msidee.com\/wp-content\/uploads\/2023\/07\/service_inner_electrique_2_grand-600x480.png 600w, https:\/\/msidee.com\/wp-content\/uploads\/2023\/07\/service_inner_electrique_2_grand.png 1104w\" sizes=\"auto, (max-width: 751px) 100vw, 751px\" \/>\t\t\t\t\t\t\t\t\t\t\t\t\t\t\t<\/div>\n\t\t\t\t<\/div>\n\t\t\t\t\t<\/div>\n\t\t<\/div>\n\t\t\t\t<div class=\"elementor-column elementor-col-50 elementor-inner-column elementor-element elementor-element-b1a9cac sidebar-area elementor-invisible\" data-id=\"b1a9cac\" data-element_type=\"column\" data-settings=\"{&quot;animation&quot;:&quot;bounceIn&quot;}\">\n\t\t\t<div class=\"elementor-widget-wrap elementor-element-populated\">\n\t\t\t\t\t\t\t\t<div class=\"elementor-element elementor-element-dc7c1d8 elementor-widget elementor-widget-text-editor\" data-id=\"dc7c1d8\" data-element_type=\"widget\" data-widget_type=\"text-editor.default\">\n\t\t\t\t<div class=\"elementor-widget-container\">\n\t\t\t\t\t\t\t<div class=\"widget widget_call \" data-bg-src=\"assets\/img\/bg\/widget_bg_1.jpg\"><div class=\"widget-call\"><h4 class=\"box-title\">Un besoin en \u00e9lectronique ?<\/h4><p>\u00a0<\/p><p><a class=\"call\" href=\"http:\/\/+33613026652\">+33-6-13-02-66-52<\/a><\/p><p class=\"text\">Contactez-nous pour<br \/>convenir d&#8217;un rendez-vous en cas d&#8217;urgence ou \u00e9tudier votre besoin en cas d&#8217;installation \u00e0 cr\u00e9er\/revoir.<\/p><p><a class=\"themeholy-btn style3\" href=\"https:\/\/msidee.com\/index.php\/contact\/\">Nous contacter<\/a><\/p><\/div><\/div>\t\t\t\t\t\t<\/div>\n\t\t\t\t<\/div>\n\t\t\t\t\t<\/div>\n\t\t<\/div>\n\t\t\t\t\t\t\t<\/div>\n\t\t<\/section>\n\t\t\t\t\t<\/div>\n\t\t<\/div>\n\t\t\t\t\t\t\t<\/div>\n\t\t<\/section>\n\t\t\t\t\t\t\t<\/div>\n\t\t","protected":false},"excerpt":{"rendered":"<p>Remise en \u00e9tat d&#8217;une carte \u00e9lectronique suite \u00e0 un court circuit. Un besoin en \u00e9lectronique ? \u00a0 +33-6-13-02-66-52 Contactez-nous pourconvenir d&#8217;un rendez-vous en cas d&#8217;urgence ou \u00e9tudier votre besoin en cas d&#8217;installation \u00e0 cr\u00e9er\/revoir. Nous contacter<\/p>\n","protected":false},"author":1,"featured_media":0,"parent":0,"menu_order":0,"comment_status":"closed","ping_status":"closed","template":"","meta":{"footnotes":""},"class_list":["post-1999","page","type-page","status-publish","hentry"],"_links":{"self":[{"href":"https:\/\/msidee.com\/index.php\/wp-json\/wp\/v2\/pages\/1999","targetHints":{"allow":["GET"]}}],"collection":[{"href":"https:\/\/msidee.com\/index.php\/wp-json\/wp\/v2\/pages"}],"about":[{"href":"https:\/\/msidee.com\/index.php\/wp-json\/wp\/v2\/types\/page"}],"author":[{"embeddable":true,"href":"https:\/\/msidee.com\/index.php\/wp-json\/wp\/v2\/users\/1"}],"replies":[{"embeddable":true,"href":"https:\/\/msidee.com\/index.php\/wp-json\/wp\/v2\/comments?post=1999"}],"version-history":[{"count":7,"href":"https:\/\/msidee.com\/index.php\/wp-json\/wp\/v2\/pages\/1999\/revisions"}],"predecessor-version":[{"id":2090,"href":"https:\/\/msidee.com\/index.php\/wp-json\/wp\/v2\/pages\/1999\/revisions\/2090"}],"wp:attachment":[{"href":"https:\/\/msidee.com\/index.php\/wp-json\/wp\/v2\/media?parent=1999"}],"curies":[{"name":"wp","href":"https:\/\/api.w.org\/{rel}","templated":true}]}}