{"id":2022,"date":"2023-07-11T14:29:29","date_gmt":"2023-07-11T12:29:29","guid":{"rendered":"http:\/\/msidee.fr\/?page_id=2022"},"modified":"2023-07-25T17:34:11","modified_gmt":"2023-07-25T15:34:11","slug":"demenagement","status":"publish","type":"page","link":"https:\/\/msidee.com\/index.php\/demenagement\/","title":{"rendered":"D\u00e9m\u00e9nagement"},"content":{"rendered":"\t\t<div data-elementor-type=\"wp-page\" data-elementor-id=\"2022\" class=\"elementor elementor-2022\">\n\t\t\t\t\t\t\t\t\t<section class=\"elementor-section elementor-top-section elementor-element elementor-element-f41f9f7 elementor-section-boxed elementor-section-height-default elementor-section-height-default\" data-id=\"f41f9f7\" data-element_type=\"section\">\n\t\t\t\t\t\t<div class=\"elementor-container elementor-column-gap-no\">\n\t\t\t\t\t<div class=\"elementor-column elementor-col-100 elementor-top-column elementor-element elementor-element-3dcbd7f\" data-id=\"3dcbd7f\" data-element_type=\"column\">\n\t\t\t<div class=\"elementor-widget-wrap elementor-element-populated\">\n\t\t\t\t\t\t\t\t<section class=\"elementor-section elementor-inner-section elementor-element elementor-element-05d47d4 elementor-section-full_width elementor-section-height-default elementor-section-height-default\" data-id=\"05d47d4\" data-element_type=\"section\">\n\t\t\t\t\t\t<div class=\"elementor-container elementor-column-gap-no\">\n\t\t\t\t\t<div class=\"elementor-column elementor-col-50 elementor-inner-column elementor-element elementor-element-c0ceff3\" data-id=\"c0ceff3\" data-element_type=\"column\">\n\t\t\t<div class=\"elementor-widget-wrap elementor-element-populated\">\n\t\t\t\t\t\t\t\t<div class=\"elementor-element elementor-element-96c8e49 elementor-widget elementor-widget-text-editor\" data-id=\"96c8e49\" data-element_type=\"widget\" data-widget_type=\"text-editor.default\">\n\t\t\t\t<div class=\"elementor-widget-container\">\n\t\t\t<style>\/*! elementor - v3.13.3 - 28-05-2023 *\/\n.elementor-widget-text-editor.elementor-drop-cap-view-stacked .elementor-drop-cap{background-color:#69727d;color:#fff}.elementor-widget-text-editor.elementor-drop-cap-view-framed .elementor-drop-cap{color:#69727d;border:3px solid;background-color:transparent}.elementor-widget-text-editor:not(.elementor-drop-cap-view-default) .elementor-drop-cap{margin-top:8px}.elementor-widget-text-editor:not(.elementor-drop-cap-view-default) .elementor-drop-cap-letter{width:1em;height:1em}.elementor-widget-text-editor .elementor-drop-cap{float:left;text-align:center;line-height:1;font-size:50px}.elementor-widget-text-editor .elementor-drop-cap-letter{display:inline-block}<\/style>\t\t\t\t<div>D\u00e9m\u00e9nagement de machines d&#8217;impression.<\/div><div>D\u00e9montage et remontage sur un&nbsp;autre&nbsp;site.<\/div>\t\t\t\t\t\t<\/div>\n\t\t\t\t<\/div>\n\t\t\t\t<div class=\"elementor-element elementor-element-0a2d3bc elementor-widget elementor-widget-image\" data-id=\"0a2d3bc\" data-element_type=\"widget\" data-widget_type=\"image.default\">\n\t\t\t\t<div class=\"elementor-widget-container\">\n\t\t\t<style>\/*! elementor - v3.13.3 - 28-05-2023 *\/\n.elementor-widget-image{text-align:center}.elementor-widget-image a{display:inline-block}.elementor-widget-image a img[src$=\".svg\"]{width:48px}.elementor-widget-image img{vertical-align:middle;display:inline-block}<\/style>\t\t\t\t\t\t\t\t\t\t\t\t<img loading=\"lazy\" decoding=\"async\" width=\"751\" height=\"686\" src=\"https:\/\/msidee.com\/wp-content\/uploads\/2023\/07\/service_inner_demenagement_1_grand-1024x935.png\" class=\"attachment-large size-large wp-image-2027\" alt=\"\" srcset=\"https:\/\/msidee.com\/wp-content\/uploads\/2023\/07\/service_inner_demenagement_1_grand-1024x935.png 1024w, https:\/\/msidee.com\/wp-content\/uploads\/2023\/07\/service_inner_demenagement_1_grand-300x274.png 300w, https:\/\/msidee.com\/wp-content\/uploads\/2023\/07\/service_inner_demenagement_1_grand-768x701.png 768w, https:\/\/msidee.com\/wp-content\/uploads\/2023\/07\/service_inner_demenagement_1_grand-1536x1403.png 1536w, https:\/\/msidee.com\/wp-content\/uploads\/2023\/07\/service_inner_demenagement_1_grand-2048x1870.png 2048w, https:\/\/msidee.com\/wp-content\/uploads\/2023\/07\/service_inner_demenagement_1_grand-600x548.png 600w\" sizes=\"auto, (max-width: 751px) 100vw, 751px\" \/>\t\t\t\t\t\t\t\t\t\t\t\t\t\t\t<\/div>\n\t\t\t\t<\/div>\n\t\t\t\t<div class=\"elementor-element elementor-element-2c0afc8 elementor-widget elementor-widget-image\" data-id=\"2c0afc8\" data-element_type=\"widget\" data-widget_type=\"image.default\">\n\t\t\t\t<div class=\"elementor-widget-container\">\n\t\t\t\t\t\t\t\t\t\t\t\t\t\t\t<img loading=\"lazy\" decoding=\"async\" width=\"751\" height=\"818\" src=\"https:\/\/msidee.com\/wp-content\/uploads\/2023\/07\/service_inner_demenagement_2_grand-940x1024.png\" class=\"attachment-large size-large wp-image-2028\" alt=\"\" srcset=\"https:\/\/msidee.com\/wp-content\/uploads\/2023\/07\/service_inner_demenagement_2_grand-940x1024.png 940w, https:\/\/msidee.com\/wp-content\/uploads\/2023\/07\/service_inner_demenagement_2_grand-275x300.png 275w, https:\/\/msidee.com\/wp-content\/uploads\/2023\/07\/service_inner_demenagement_2_grand-768x837.png 768w, https:\/\/msidee.com\/wp-content\/uploads\/2023\/07\/service_inner_demenagement_2_grand-1410x1536.png 1410w, https:\/\/msidee.com\/wp-content\/uploads\/2023\/07\/service_inner_demenagement_2_grand-600x654.png 600w, https:\/\/msidee.com\/wp-content\/uploads\/2023\/07\/service_inner_demenagement_2_grand.png 1500w\" sizes=\"auto, (max-width: 751px) 100vw, 751px\" \/>\t\t\t\t\t\t\t\t\t\t\t\t\t\t\t<\/div>\n\t\t\t\t<\/div>\n\t\t\t\t<div class=\"elementor-element elementor-element-ea0f2ce elementor-widget elementor-widget-image\" data-id=\"ea0f2ce\" data-element_type=\"widget\" data-widget_type=\"image.default\">\n\t\t\t\t<div class=\"elementor-widget-container\">\n\t\t\t\t\t\t\t\t\t\t\t\t\t\t\t<img loading=\"lazy\" decoding=\"async\" width=\"751\" height=\"518\" src=\"https:\/\/msidee.com\/wp-content\/uploads\/2023\/07\/service_inner_demenagement_3_grand-1024x706.png\" class=\"attachment-large size-large wp-image-2029\" alt=\"\" srcset=\"https:\/\/msidee.com\/wp-content\/uploads\/2023\/07\/service_inner_demenagement_3_grand-1024x706.png 1024w, https:\/\/msidee.com\/wp-content\/uploads\/2023\/07\/service_inner_demenagement_3_grand-300x207.png 300w, https:\/\/msidee.com\/wp-content\/uploads\/2023\/07\/service_inner_demenagement_3_grand-768x529.png 768w, https:\/\/msidee.com\/wp-content\/uploads\/2023\/07\/service_inner_demenagement_3_grand-600x414.png 600w, https:\/\/msidee.com\/wp-content\/uploads\/2023\/07\/service_inner_demenagement_3_grand.png 1500w\" sizes=\"auto, (max-width: 751px) 100vw, 751px\" \/>\t\t\t\t\t\t\t\t\t\t\t\t\t\t\t<\/div>\n\t\t\t\t<\/div>\n\t\t\t\t<div class=\"elementor-element elementor-element-d762bf0 elementor-widget elementor-widget-image\" data-id=\"d762bf0\" data-element_type=\"widget\" data-widget_type=\"image.default\">\n\t\t\t\t<div class=\"elementor-widget-container\">\n\t\t\t\t\t\t\t\t\t\t\t\t\t\t\t<img loading=\"lazy\" decoding=\"async\" width=\"751\" height=\"692\" src=\"https:\/\/msidee.com\/wp-content\/uploads\/2023\/07\/service_inner_demenagement_4_grand-1024x943.png\" class=\"attachment-large size-large wp-image-2030\" alt=\"\" srcset=\"https:\/\/msidee.com\/wp-content\/uploads\/2023\/07\/service_inner_demenagement_4_grand-1024x943.png 1024w, https:\/\/msidee.com\/wp-content\/uploads\/2023\/07\/service_inner_demenagement_4_grand-300x276.png 300w, https:\/\/msidee.com\/wp-content\/uploads\/2023\/07\/service_inner_demenagement_4_grand-768x707.png 768w, https:\/\/msidee.com\/wp-content\/uploads\/2023\/07\/service_inner_demenagement_4_grand-1536x1415.png 1536w, https:\/\/msidee.com\/wp-content\/uploads\/2023\/07\/service_inner_demenagement_4_grand-2048x1887.png 2048w, https:\/\/msidee.com\/wp-content\/uploads\/2023\/07\/service_inner_demenagement_4_grand-600x553.png 600w\" sizes=\"auto, (max-width: 751px) 100vw, 751px\" \/>\t\t\t\t\t\t\t\t\t\t\t\t\t\t\t<\/div>\n\t\t\t\t<\/div>\n\t\t\t\t<div class=\"elementor-element elementor-element-ed416d0 elementor-widget elementor-widget-image\" data-id=\"ed416d0\" data-element_type=\"widget\" data-widget_type=\"image.default\">\n\t\t\t\t<div class=\"elementor-widget-container\">\n\t\t\t\t\t\t\t\t\t\t\t\t\t\t\t<img loading=\"lazy\" decoding=\"async\" width=\"751\" height=\"494\" src=\"https:\/\/msidee.com\/wp-content\/uploads\/2023\/07\/service_inner_demenagement_5_grand-1024x673.png\" class=\"attachment-large size-large wp-image-2031\" alt=\"\" srcset=\"https:\/\/msidee.com\/wp-content\/uploads\/2023\/07\/service_inner_demenagement_5_grand-1024x673.png 1024w, https:\/\/msidee.com\/wp-content\/uploads\/2023\/07\/service_inner_demenagement_5_grand-300x197.png 300w, https:\/\/msidee.com\/wp-content\/uploads\/2023\/07\/service_inner_demenagement_5_grand-768x505.png 768w, https:\/\/msidee.com\/wp-content\/uploads\/2023\/07\/service_inner_demenagement_5_grand-1536x1010.png 1536w, https:\/\/msidee.com\/wp-content\/uploads\/2023\/07\/service_inner_demenagement_5_grand-2048x1347.png 2048w, https:\/\/msidee.com\/wp-content\/uploads\/2023\/07\/service_inner_demenagement_5_grand-600x395.png 600w\" sizes=\"auto, (max-width: 751px) 100vw, 751px\" \/>\t\t\t\t\t\t\t\t\t\t\t\t\t\t\t<\/div>\n\t\t\t\t<\/div>\n\t\t\t\t<div class=\"elementor-element elementor-element-c93280f elementor-widget elementor-widget-image\" data-id=\"c93280f\" data-element_type=\"widget\" data-widget_type=\"image.default\">\n\t\t\t\t<div class=\"elementor-widget-container\">\n\t\t\t\t\t\t\t\t\t\t\t\t\t\t\t<img loading=\"lazy\" decoding=\"async\" width=\"751\" height=\"545\" src=\"https:\/\/msidee.com\/wp-content\/uploads\/2023\/07\/service_inner_demenagement_6_grand-1024x743.png\" class=\"attachment-large size-large wp-image-2032\" alt=\"\" srcset=\"https:\/\/msidee.com\/wp-content\/uploads\/2023\/07\/service_inner_demenagement_6_grand-1024x743.png 1024w, https:\/\/msidee.com\/wp-content\/uploads\/2023\/07\/service_inner_demenagement_6_grand-300x218.png 300w, https:\/\/msidee.com\/wp-content\/uploads\/2023\/07\/service_inner_demenagement_6_grand-768x557.png 768w, https:\/\/msidee.com\/wp-content\/uploads\/2023\/07\/service_inner_demenagement_6_grand-1536x1115.png 1536w, https:\/\/msidee.com\/wp-content\/uploads\/2023\/07\/service_inner_demenagement_6_grand-2048x1486.png 2048w, https:\/\/msidee.com\/wp-content\/uploads\/2023\/07\/service_inner_demenagement_6_grand-600x435.png 600w\" sizes=\"auto, (max-width: 751px) 100vw, 751px\" \/>\t\t\t\t\t\t\t\t\t\t\t\t\t\t\t<\/div>\n\t\t\t\t<\/div>\n\t\t\t\t<div class=\"elementor-element elementor-element-07937ba elementor-widget elementor-widget-image\" data-id=\"07937ba\" data-element_type=\"widget\" data-widget_type=\"image.default\">\n\t\t\t\t<div class=\"elementor-widget-container\">\n\t\t\t\t\t\t\t\t\t\t\t\t\t\t\t<img loading=\"lazy\" decoding=\"async\" width=\"751\" height=\"743\" src=\"https:\/\/msidee.com\/wp-content\/uploads\/2023\/07\/service_inner_demenagement_7_grand-1024x1013.png\" class=\"attachment-large size-large wp-image-2033\" alt=\"\" srcset=\"https:\/\/msidee.com\/wp-content\/uploads\/2023\/07\/service_inner_demenagement_7_grand-1024x1013.png 1024w, https:\/\/msidee.com\/wp-content\/uploads\/2023\/07\/service_inner_demenagement_7_grand-300x297.png 300w, https:\/\/msidee.com\/wp-content\/uploads\/2023\/07\/service_inner_demenagement_7_grand-768x760.png 768w, https:\/\/msidee.com\/wp-content\/uploads\/2023\/07\/service_inner_demenagement_7_grand-85x85.png 85w, https:\/\/msidee.com\/wp-content\/uploads\/2023\/07\/service_inner_demenagement_7_grand-1536x1519.png 1536w, https:\/\/msidee.com\/wp-content\/uploads\/2023\/07\/service_inner_demenagement_7_grand-2048x2026.png 2048w, https:\/\/msidee.com\/wp-content\/uploads\/2023\/07\/service_inner_demenagement_7_grand-80x80.png 80w, https:\/\/msidee.com\/wp-content\/uploads\/2023\/07\/service_inner_demenagement_7_grand-600x594.png 600w, https:\/\/msidee.com\/wp-content\/uploads\/2023\/07\/service_inner_demenagement_7_grand-100x100.png 100w\" sizes=\"auto, (max-width: 751px) 100vw, 751px\" \/>\t\t\t\t\t\t\t\t\t\t\t\t\t\t\t<\/div>\n\t\t\t\t<\/div>\n\t\t\t\t<div class=\"elementor-element elementor-element-52938c2 elementor-widget elementor-widget-image\" data-id=\"52938c2\" data-element_type=\"widget\" data-widget_type=\"image.default\">\n\t\t\t\t<div class=\"elementor-widget-container\">\n\t\t\t\t\t\t\t\t\t\t\t\t\t\t\t<img loading=\"lazy\" decoding=\"async\" width=\"751\" height=\"596\" src=\"https:\/\/msidee.com\/wp-content\/uploads\/2023\/07\/service_inner_demenagement_8_grand.png\" class=\"attachment-large size-large wp-image-2034\" alt=\"\" \/>\t\t\t\t\t\t\t\t\t\t\t\t\t\t\t<\/div>\n\t\t\t\t<\/div>\n\t\t\t\t<div class=\"elementor-element elementor-element-8f8999d elementor-widget elementor-widget-image\" data-id=\"8f8999d\" data-element_type=\"widget\" data-widget_type=\"image.default\">\n\t\t\t\t<div class=\"elementor-widget-container\">\n\t\t\t\t\t\t\t\t\t\t\t\t\t\t\t<img loading=\"lazy\" decoding=\"async\" width=\"751\" height=\"548\" src=\"https:\/\/msidee.com\/wp-content\/uploads\/2023\/07\/service_inner_demenagement_9_grand-1024x747.png\" class=\"attachment-large size-large wp-image-2035\" alt=\"\" srcset=\"https:\/\/msidee.com\/wp-content\/uploads\/2023\/07\/service_inner_demenagement_9_grand-1024x747.png 1024w, https:\/\/msidee.com\/wp-content\/uploads\/2023\/07\/service_inner_demenagement_9_grand-300x219.png 300w, https:\/\/msidee.com\/wp-content\/uploads\/2023\/07\/service_inner_demenagement_9_grand-768x560.png 768w, https:\/\/msidee.com\/wp-content\/uploads\/2023\/07\/service_inner_demenagement_9_grand-1536x1121.png 1536w, https:\/\/msidee.com\/wp-content\/uploads\/2023\/07\/service_inner_demenagement_9_grand-2048x1494.png 2048w\" sizes=\"auto, (max-width: 751px) 100vw, 751px\" \/>\t\t\t\t\t\t\t\t\t\t\t\t\t\t\t<\/div>\n\t\t\t\t<\/div>\n\t\t\t\t\t<\/div>\n\t\t<\/div>\n\t\t\t\t<div class=\"elementor-column elementor-col-50 elementor-inner-column elementor-element elementor-element-01b2001 sidebar-area elementor-invisible\" data-id=\"01b2001\" data-element_type=\"column\" data-settings=\"{&quot;animation&quot;:&quot;bounceIn&quot;}\">\n\t\t\t<div class=\"elementor-widget-wrap elementor-element-populated\">\n\t\t\t\t\t\t\t\t<div class=\"elementor-element elementor-element-90fda17 elementor-widget elementor-widget-text-editor\" data-id=\"90fda17\" data-element_type=\"widget\" data-widget_type=\"text-editor.default\">\n\t\t\t\t<div class=\"elementor-widget-container\">\n\t\t\t\t\t\t\t<div class=\"widget widget_call \" data-bg-src=\"assets\/img\/bg\/widget_bg_1.jpg\"><div class=\"widget-call\"><h4 class=\"box-title\">Un besoin en \u00e9lectronique ?<\/h4><p>\u00a0<\/p><p><a class=\"call\" href=\"http:\/\/+33613026652\">+33-6-13-02-66-52<\/a><\/p><p class=\"text\">Contactez-nous pour<br \/>convenir d&#8217;un rendez-vous en cas d&#8217;urgence ou \u00e9tudier votre besoin en cas d&#8217;installation \u00e0 cr\u00e9er\/revoir.<\/p><p><a class=\"themeholy-btn style3\" href=\"https:\/\/msidee.com\/index.php\/contact\/\">Nous contacter<\/a><\/p><\/div><\/div>\t\t\t\t\t\t<\/div>\n\t\t\t\t<\/div>\n\t\t\t\t\t<\/div>\n\t\t<\/div>\n\t\t\t\t\t\t\t<\/div>\n\t\t<\/section>\n\t\t\t\t\t<\/div>\n\t\t<\/div>\n\t\t\t\t\t\t\t<\/div>\n\t\t<\/section>\n\t\t\t\t\t\t\t<\/div>\n\t\t","protected":false},"excerpt":{"rendered":"<p>D\u00e9m\u00e9nagement de machines d&#8217;impression.D\u00e9montage et remontage sur un&nbsp;autre&nbsp;site. Un besoin en \u00e9lectronique ? \u00a0 +33-6-13-02-66-52 Contactez-nous pourconvenir d&#8217;un rendez-vous en cas d&#8217;urgence ou \u00e9tudier votre besoin en cas d&#8217;installation \u00e0 cr\u00e9er\/revoir. Nous contacter<\/p>\n","protected":false},"author":1,"featured_media":0,"parent":0,"menu_order":0,"comment_status":"closed","ping_status":"closed","template":"","meta":{"footnotes":""},"class_list":["post-2022","page","type-page","status-publish","hentry"],"_links":{"self":[{"href":"https:\/\/msidee.com\/index.php\/wp-json\/wp\/v2\/pages\/2022","targetHints":{"allow":["GET"]}}],"collection":[{"href":"https:\/\/msidee.com\/index.php\/wp-json\/wp\/v2\/pages"}],"about":[{"href":"https:\/\/msidee.com\/index.php\/wp-json\/wp\/v2\/types\/page"}],"author":[{"embeddable":true,"href":"https:\/\/msidee.com\/index.php\/wp-json\/wp\/v2\/users\/1"}],"replies":[{"embeddable":true,"href":"https:\/\/msidee.com\/index.php\/wp-json\/wp\/v2\/comments?post=2022"}],"version-history":[{"count":13,"href":"https:\/\/msidee.com\/index.php\/wp-json\/wp\/v2\/pages\/2022\/revisions"}],"predecessor-version":[{"id":2093,"href":"https:\/\/msidee.com\/index.php\/wp-json\/wp\/v2\/pages\/2022\/revisions\/2093"}],"wp:attachment":[{"href":"https:\/\/msidee.com\/index.php\/wp-json\/wp\/v2\/media?parent=2022"}],"curies":[{"name":"wp","href":"https:\/\/api.w.org\/{rel}","templated":true}]}}