{"id":24,"date":"2023-04-03T04:33:54","date_gmt":"2023-04-03T02:33:54","guid":{"rendered":"https:\/\/themeholy.com\/wordpress\/plumer\/?page_id=24"},"modified":"2026-02-01T01:13:32","modified_gmt":"2026-02-01T00:13:32","slug":"etude-conception","status":"publish","type":"page","link":"https:\/\/msidee.com\/index.php\/etude-conception\/","title":{"rendered":"Etude &#038; Conception"},"content":{"rendered":"\t\t<div data-elementor-type=\"wp-page\" data-elementor-id=\"24\" class=\"elementor elementor-24\">\n\t\t\t\t\t\t\t\t\t<section class=\"elementor-section elementor-top-section elementor-element elementor-element-9024923 elementor-section-boxed elementor-section-height-default elementor-section-height-default\" data-id=\"9024923\" data-element_type=\"section\">\n\t\t\t\t\t\t<div class=\"elementor-container elementor-column-gap-no\">\n\t\t\t\t\t<div class=\"elementor-column elementor-col-100 elementor-top-column elementor-element elementor-element-12e8fab\" data-id=\"12e8fab\" data-element_type=\"column\">\n\t\t\t<div class=\"elementor-widget-wrap elementor-element-populated\">\n\t\t\t\t\t\t\t\t<section class=\"elementor-section elementor-inner-section elementor-element elementor-element-ba83b3b elementor-section-full_width elementor-section-height-default elementor-section-height-default\" data-id=\"ba83b3b\" data-element_type=\"section\">\n\t\t\t\t\t\t<div class=\"elementor-container elementor-column-gap-no\">\n\t\t\t\t\t<div class=\"elementor-column elementor-col-50 elementor-inner-column elementor-element elementor-element-77fbde4\" data-id=\"77fbde4\" data-element_type=\"column\">\n\t\t\t<div class=\"elementor-widget-wrap elementor-element-populated\">\n\t\t\t\t\t\t\t\t<div class=\"elementor-element elementor-element-fab04b2 elementor-widget elementor-widget-plumerfeatures\" data-id=\"fab04b2\" data-element_type=\"widget\" data-widget_type=\"plumerfeatures.default\">\n\t\t\t\t<div class=\"elementor-widget-container\">\n\t\t\t<div class=\"service-feature-wrap\"><div class=\"service-feature\"><div class=\"service-feature_icon\"><img decoding=\"async\" src=\"https:\/\/msidee.com\/wp-content\/uploads\/2023\/07\/service_feature_finition.png\" alt=\"service_feature_finition\"  \/><\/div><div class=\"media-body\"><h4 class=\"service-feature_title\">Structure<\/h4><p class=\"service-feature_text\">D\u00e9coupe et soudure des m\u00e9taux.<\/p><\/div><\/div><div class=\"service-feature\"><div class=\"service-feature_icon\"><img decoding=\"async\" src=\"https:\/\/msidee.com\/wp-content\/uploads\/2023\/07\/service_feature_machinerie.png\" alt=\"service_feature_machinerie\"  \/><\/div><div class=\"media-body\"><h4 class=\"service-feature_title\">Machinerie<\/h4><p class=\"service-feature_text\">Achat des modules, installation et optimisation.<\/p><\/div><\/div><div class=\"service-feature\"><div class=\"service-feature_icon\"><img decoding=\"async\" src=\"https:\/\/msidee.com\/wp-content\/uploads\/2023\/07\/service_feature_electricity.png\" alt=\"service_feature_electricity\"  \/><\/div><div class=\"media-body\"><h4 class=\"service-feature_title\">Electricit\u00e9<\/h4><p class=\"service-feature_text\">Raccordement, segmentation, s\u00e9curit\u00e9.<\/p><\/div><\/div><div class=\"service-feature\"><div class=\"service-feature_icon\"><img decoding=\"async\" src=\"https:\/\/msidee.com\/wp-content\/uploads\/2023\/07\/service_feature_structure.png\" alt=\"service_feature_structure\"  \/><\/div><div class=\"media-body\"><h4 class=\"service-feature_title\">Finition<\/h4><p class=\"service-feature_text\">Peinture, interrupteur, lumi\u00e8res.<\/p><\/div><\/div><\/div>\t\t<\/div>\n\t\t\t\t<\/div>\n\t\t\t\t\t<\/div>\n\t\t<\/div>\n\t\t\t\t<div class=\"elementor-column elementor-col-50 elementor-inner-column elementor-element elementor-element-79de33d sidebar-area elementor-invisible\" data-id=\"79de33d\" data-element_type=\"column\" data-settings=\"{&quot;animation&quot;:&quot;bounceIn&quot;}\">\n\t\t\t<div class=\"elementor-widget-wrap elementor-element-populated\">\n\t\t\t\t\t\t\t\t<div class=\"elementor-element elementor-element-1f03609 elementor-widget elementor-widget-text-editor\" data-id=\"1f03609\" data-element_type=\"widget\" data-widget_type=\"text-editor.default\">\n\t\t\t\t<div class=\"elementor-widget-container\">\n\t\t\t<style>\/*! elementor - v3.13.3 - 28-05-2023 *\/\n.elementor-widget-text-editor.elementor-drop-cap-view-stacked .elementor-drop-cap{background-color:#69727d;color:#fff}.elementor-widget-text-editor.elementor-drop-cap-view-framed .elementor-drop-cap{color:#69727d;border:3px solid;background-color:transparent}.elementor-widget-text-editor:not(.elementor-drop-cap-view-default) .elementor-drop-cap{margin-top:8px}.elementor-widget-text-editor:not(.elementor-drop-cap-view-default) .elementor-drop-cap-letter{width:1em;height:1em}.elementor-widget-text-editor .elementor-drop-cap{float:left;text-align:center;line-height:1;font-size:50px}.elementor-widget-text-editor .elementor-drop-cap-letter{display:inline-block}<\/style>\t\t\t\t<div class=\"widget widget_call \" data-bg-src=\"assets\/img\/bg\/widget_bg_1.jpg\">\n<div class=\"widget-call\">\n<h4 class=\"box-title\">Un besoin de conception ?<\/h4>\n<div class=\"play-btn\"><\/div>\n<a class=\"call\" href=\"http:\/\/+33613026652\">+33-6-13-02-66-52<\/a>\n<p class=\"text\">Contactez-nous pour une premi\u00e8re \u00e9tude de votre besoin.<\/p>\n<a class=\"themeholy-btn style3\" href=\"\/index.php\/contact\/\">Nous contacter<\/a>\n\n<\/div>\n<\/div>\t\t\t\t\t\t<\/div>\n\t\t\t\t<\/div>\n\t\t\t\t\t<\/div>\n\t\t<\/div>\n\t\t\t\t\t\t\t<\/div>\n\t\t<\/section>\n\t\t\t\t<section class=\"elementor-section elementor-inner-section elementor-element elementor-element-f9dade1 elementor-section-full_width elementor-section-height-default elementor-section-height-default\" data-id=\"f9dade1\" data-element_type=\"section\">\n\t\t\t\t\t\t<div class=\"elementor-container elementor-column-gap-no\">\n\t\t\t\t\t<div class=\"elementor-column elementor-col-50 elementor-inner-column elementor-element elementor-element-ce4d756\" data-id=\"ce4d756\" data-element_type=\"column\">\n\t\t\t<div class=\"elementor-widget-wrap elementor-element-populated\">\n\t\t\t\t\t\t\t\t<div class=\"elementor-element elementor-element-94cc097 elementor-widget elementor-widget-image\" data-id=\"94cc097\" data-element_type=\"widget\" data-widget_type=\"image.default\">\n\t\t\t\t<div class=\"elementor-widget-container\">\n\t\t\t<style>\/*! elementor - v3.13.3 - 28-05-2023 *\/\n.elementor-widget-image{text-align:center}.elementor-widget-image a{display:inline-block}.elementor-widget-image a img[src$=\".svg\"]{width:48px}.elementor-widget-image img{vertical-align:middle;display:inline-block}<\/style>\t\t\t\t\t\t\t\t\t\t\t\t<img loading=\"lazy\" decoding=\"async\" width=\"751\" height=\"1001\" src=\"https:\/\/msidee.com\/wp-content\/uploads\/2026\/02\/Conception_aspiration_3-768x1024.jpeg\" class=\"attachment-large size-large wp-image-2371\" alt=\"\" srcset=\"https:\/\/msidee.com\/wp-content\/uploads\/2026\/02\/Conception_aspiration_3-768x1024.jpeg 768w, https:\/\/msidee.com\/wp-content\/uploads\/2026\/02\/Conception_aspiration_3-225x300.jpeg 225w, https:\/\/msidee.com\/wp-content\/uploads\/2026\/02\/Conception_aspiration_3-1152x1536.jpeg 1152w, https:\/\/msidee.com\/wp-content\/uploads\/2026\/02\/Conception_aspiration_3-600x800.jpeg 600w, https:\/\/msidee.com\/wp-content\/uploads\/2026\/02\/Conception_aspiration_3.jpeg 1536w\" sizes=\"auto, (max-width: 751px) 100vw, 751px\" \/>\t\t\t\t\t\t\t\t\t\t\t\t\t\t\t<\/div>\n\t\t\t\t<\/div>\n\t\t\t\t<div class=\"elementor-element elementor-element-036b0c1 elementor-widget elementor-widget-image\" data-id=\"036b0c1\" data-element_type=\"widget\" data-widget_type=\"image.default\">\n\t\t\t\t<div class=\"elementor-widget-container\">\n\t\t\t\t\t\t\t\t\t\t\t\t\t\t\t<img loading=\"lazy\" decoding=\"async\" width=\"751\" height=\"563\" src=\"https:\/\/msidee.com\/wp-content\/uploads\/2026\/02\/Conception_aspiration_5-1024x768.jpeg\" class=\"attachment-large size-large wp-image-2373\" alt=\"\" srcset=\"https:\/\/msidee.com\/wp-content\/uploads\/2026\/02\/Conception_aspiration_5-1024x768.jpeg 1024w, https:\/\/msidee.com\/wp-content\/uploads\/2026\/02\/Conception_aspiration_5-300x225.jpeg 300w, https:\/\/msidee.com\/wp-content\/uploads\/2026\/02\/Conception_aspiration_5-768x576.jpeg 768w, https:\/\/msidee.com\/wp-content\/uploads\/2026\/02\/Conception_aspiration_5-1536x1152.jpeg 1536w, https:\/\/msidee.com\/wp-content\/uploads\/2026\/02\/Conception_aspiration_5-600x450.jpeg 600w, https:\/\/msidee.com\/wp-content\/uploads\/2026\/02\/Conception_aspiration_5.jpeg 2048w\" sizes=\"auto, (max-width: 751px) 100vw, 751px\" \/>\t\t\t\t\t\t\t\t\t\t\t\t\t\t\t<\/div>\n\t\t\t\t<\/div>\n\t\t\t\t<div class=\"elementor-element elementor-element-db749d3 elementor-widget elementor-widget-image\" data-id=\"db749d3\" data-element_type=\"widget\" data-widget_type=\"image.default\">\n\t\t\t\t<div class=\"elementor-widget-container\">\n\t\t\t\t\t\t\t\t\t\t\t\t\t\t\t<img loading=\"lazy\" decoding=\"async\" width=\"751\" height=\"563\" src=\"https:\/\/msidee.com\/wp-content\/uploads\/2026\/02\/Conception_aspiration_1-1024x768.jpeg\" class=\"attachment-large size-large wp-image-2369\" alt=\"\" srcset=\"https:\/\/msidee.com\/wp-content\/uploads\/2026\/02\/Conception_aspiration_1-1024x768.jpeg 1024w, https:\/\/msidee.com\/wp-content\/uploads\/2026\/02\/Conception_aspiration_1-300x225.jpeg 300w, https:\/\/msidee.com\/wp-content\/uploads\/2026\/02\/Conception_aspiration_1-768x576.jpeg 768w, https:\/\/msidee.com\/wp-content\/uploads\/2026\/02\/Conception_aspiration_1-1536x1152.jpeg 1536w, https:\/\/msidee.com\/wp-content\/uploads\/2026\/02\/Conception_aspiration_1-600x450.jpeg 600w, https:\/\/msidee.com\/wp-content\/uploads\/2026\/02\/Conception_aspiration_1.jpeg 2048w\" sizes=\"auto, (max-width: 751px) 100vw, 751px\" \/>\t\t\t\t\t\t\t\t\t\t\t\t\t\t\t<\/div>\n\t\t\t\t<\/div>\n\t\t\t\t\t<\/div>\n\t\t<\/div>\n\t\t\t\t<div class=\"elementor-column elementor-col-50 elementor-inner-column elementor-element elementor-element-065f216 sidebar-area elementor-invisible\" data-id=\"065f216\" data-element_type=\"column\" data-settings=\"{&quot;animation&quot;:&quot;bounceIn&quot;}\">\n\t\t\t<div class=\"elementor-widget-wrap elementor-element-populated\">\n\t\t\t\t\t\t\t\t<div class=\"elementor-element elementor-element-70680d2 elementor-widget elementor-widget-image\" data-id=\"70680d2\" data-element_type=\"widget\" data-widget_type=\"image.default\">\n\t\t\t\t<div class=\"elementor-widget-container\">\n\t\t\t\t\t\t\t\t\t\t\t\t\t\t\t<img loading=\"lazy\" decoding=\"async\" width=\"751\" height=\"1001\" src=\"https:\/\/msidee.com\/wp-content\/uploads\/2026\/02\/Conception_aspiration_2-768x1024.jpeg\" class=\"attachment-large size-large wp-image-2370\" alt=\"\" srcset=\"https:\/\/msidee.com\/wp-content\/uploads\/2026\/02\/Conception_aspiration_2-768x1024.jpeg 768w, https:\/\/msidee.com\/wp-content\/uploads\/2026\/02\/Conception_aspiration_2-225x300.jpeg 225w, https:\/\/msidee.com\/wp-content\/uploads\/2026\/02\/Conception_aspiration_2-1152x1536.jpeg 1152w, https:\/\/msidee.com\/wp-content\/uploads\/2026\/02\/Conception_aspiration_2-600x800.jpeg 600w, https:\/\/msidee.com\/wp-content\/uploads\/2026\/02\/Conception_aspiration_2.jpeg 1536w\" sizes=\"auto, (max-width: 751px) 100vw, 751px\" \/>\t\t\t\t\t\t\t\t\t\t\t\t\t\t\t<\/div>\n\t\t\t\t<\/div>\n\t\t\t\t<div class=\"elementor-element elementor-element-77ab1e6 elementor-widget elementor-widget-image\" data-id=\"77ab1e6\" data-element_type=\"widget\" data-widget_type=\"image.default\">\n\t\t\t\t<div class=\"elementor-widget-container\">\n\t\t\t\t\t\t\t\t\t\t\t\t\t\t\t<img loading=\"lazy\" decoding=\"async\" width=\"751\" height=\"843\" src=\"https:\/\/msidee.com\/wp-content\/uploads\/2026\/02\/Conception_aspiration_4-e1769903525710-912x1024.jpeg\" class=\"attachment-large size-large wp-image-2372\" alt=\"\" srcset=\"https:\/\/msidee.com\/wp-content\/uploads\/2026\/02\/Conception_aspiration_4-e1769903525710-912x1024.jpeg 912w, https:\/\/msidee.com\/wp-content\/uploads\/2026\/02\/Conception_aspiration_4-e1769903525710-267x300.jpeg 267w, https:\/\/msidee.com\/wp-content\/uploads\/2026\/02\/Conception_aspiration_4-e1769903525710-768x862.jpeg 768w, https:\/\/msidee.com\/wp-content\/uploads\/2026\/02\/Conception_aspiration_4-e1769903525710-1369x1536.jpeg 1369w, https:\/\/msidee.com\/wp-content\/uploads\/2026\/02\/Conception_aspiration_4-e1769903525710-600x673.jpeg 600w, https:\/\/msidee.com\/wp-content\/uploads\/2026\/02\/Conception_aspiration_4-e1769903525710.jpeg 1536w\" sizes=\"auto, (max-width: 751px) 100vw, 751px\" \/>\t\t\t\t\t\t\t\t\t\t\t\t\t\t\t<\/div>\n\t\t\t\t<\/div>\n\t\t\t\t<div class=\"elementor-element elementor-element-6103ed2 elementor-widget elementor-widget-image\" data-id=\"6103ed2\" data-element_type=\"widget\" data-widget_type=\"image.default\">\n\t\t\t\t<div class=\"elementor-widget-container\">\n\t\t\t\t\t\t\t\t\t\t\t\t\t\t\t<img loading=\"lazy\" decoding=\"async\" width=\"751\" height=\"1001\" src=\"https:\/\/msidee.com\/wp-content\/uploads\/2026\/02\/Conception_aspiration_7-768x1024.jpeg\" class=\"attachment-large size-large wp-image-2375\" alt=\"\" srcset=\"https:\/\/msidee.com\/wp-content\/uploads\/2026\/02\/Conception_aspiration_7-768x1024.jpeg 768w, https:\/\/msidee.com\/wp-content\/uploads\/2026\/02\/Conception_aspiration_7-225x300.jpeg 225w, https:\/\/msidee.com\/wp-content\/uploads\/2026\/02\/Conception_aspiration_7-1152x1536.jpeg 1152w, https:\/\/msidee.com\/wp-content\/uploads\/2026\/02\/Conception_aspiration_7-600x800.jpeg 600w, https:\/\/msidee.com\/wp-content\/uploads\/2026\/02\/Conception_aspiration_7.jpeg 1536w\" sizes=\"auto, (max-width: 751px) 100vw, 751px\" \/>\t\t\t\t\t\t\t\t\t\t\t\t\t\t\t<\/div>\n\t\t\t\t<\/div>\n\t\t\t\t<div class=\"elementor-element elementor-element-0f1adc2 elementor-widget elementor-widget-image\" data-id=\"0f1adc2\" data-element_type=\"widget\" data-widget_type=\"image.default\">\n\t\t\t\t<div class=\"elementor-widget-container\">\n\t\t\t\t\t\t\t\t\t\t\t\t\t\t\t<img loading=\"lazy\" decoding=\"async\" width=\"751\" height=\"563\" src=\"https:\/\/msidee.com\/wp-content\/uploads\/2026\/02\/Conception_aspiration_6-1024x768.jpeg\" class=\"attachment-large size-large wp-image-2374\" alt=\"\" srcset=\"https:\/\/msidee.com\/wp-content\/uploads\/2026\/02\/Conception_aspiration_6-1024x768.jpeg 1024w, https:\/\/msidee.com\/wp-content\/uploads\/2026\/02\/Conception_aspiration_6-300x225.jpeg 300w, https:\/\/msidee.com\/wp-content\/uploads\/2026\/02\/Conception_aspiration_6-768x576.jpeg 768w, https:\/\/msidee.com\/wp-content\/uploads\/2026\/02\/Conception_aspiration_6-1536x1152.jpeg 1536w, https:\/\/msidee.com\/wp-content\/uploads\/2026\/02\/Conception_aspiration_6-600x450.jpeg 600w, https:\/\/msidee.com\/wp-content\/uploads\/2026\/02\/Conception_aspiration_6.jpeg 2048w\" sizes=\"auto, (max-width: 751px) 100vw, 751px\" \/>\t\t\t\t\t\t\t\t\t\t\t\t\t\t\t<\/div>\n\t\t\t\t<\/div>\n\t\t\t\t\t<\/div>\n\t\t<\/div>\n\t\t\t\t\t\t\t<\/div>\n\t\t<\/section>\n\t\t\t\t<section class=\"elementor-section elementor-inner-section elementor-element elementor-element-403fd63 elementor-section-full_width elementor-section-height-default elementor-section-height-default\" data-id=\"403fd63\" data-element_type=\"section\">\n\t\t\t\t\t\t<div class=\"elementor-container elementor-column-gap-no\">\n\t\t\t\t\t<div class=\"elementor-column elementor-col-50 elementor-inner-column elementor-element elementor-element-47edf28\" data-id=\"47edf28\" data-element_type=\"column\">\n\t\t\t<div class=\"elementor-widget-wrap elementor-element-populated\">\n\t\t\t\t\t\t\t\t<div class=\"elementor-element elementor-element-88b7931 elementor-widget elementor-widget-text-editor\" data-id=\"88b7931\" data-element_type=\"widget\" data-widget_type=\"text-editor.default\">\n\t\t\t\t<div class=\"elementor-widget-container\">\n\t\t\t\t\t\t\t<div>\u00c9tude et conception d&#8217;\u00e9l\u00e9ment compl\u00e9mentaire sur les cha\u00eenes de production.<\/div>\t\t\t\t\t\t<\/div>\n\t\t\t\t<\/div>\n\t\t\t\t<div class=\"elementor-element elementor-element-45028e2 elementor-widget elementor-widget-image\" data-id=\"45028e2\" data-element_type=\"widget\" data-widget_type=\"image.default\">\n\t\t\t\t<div class=\"elementor-widget-container\">\n\t\t\t\t\t\t\t\t\t\t\t\t\t\t\t<img loading=\"lazy\" decoding=\"async\" width=\"751\" height=\"592\" src=\"https:\/\/msidee.com\/wp-content\/uploads\/2023\/07\/service_inner_etude_conception_1_grand-1-1024x807.png\" class=\"attachment-large size-large wp-image-1949\" alt=\"\" srcset=\"https:\/\/msidee.com\/wp-content\/uploads\/2023\/07\/service_inner_etude_conception_1_grand-1-1024x807.png 1024w, https:\/\/msidee.com\/wp-content\/uploads\/2023\/07\/service_inner_etude_conception_1_grand-1-300x236.png 300w, https:\/\/msidee.com\/wp-content\/uploads\/2023\/07\/service_inner_etude_conception_1_grand-1-768x605.png 768w, https:\/\/msidee.com\/wp-content\/uploads\/2023\/07\/service_inner_etude_conception_1_grand-1-1536x1210.png 1536w, https:\/\/msidee.com\/wp-content\/uploads\/2023\/07\/service_inner_etude_conception_1_grand-1-2048x1613.png 2048w, https:\/\/msidee.com\/wp-content\/uploads\/2023\/07\/service_inner_etude_conception_1_grand-1-600x473.png 600w\" sizes=\"auto, (max-width: 751px) 100vw, 751px\" \/>\t\t\t\t\t\t\t\t\t\t\t\t\t\t\t<\/div>\n\t\t\t\t<\/div>\n\t\t\t\t<div class=\"elementor-element elementor-element-22a02e2 elementor-widget elementor-widget-image\" data-id=\"22a02e2\" data-element_type=\"widget\" data-widget_type=\"image.default\">\n\t\t\t\t<div class=\"elementor-widget-container\">\n\t\t\t\t\t\t\t\t\t\t\t\t\t\t\t<img loading=\"lazy\" decoding=\"async\" width=\"751\" height=\"591\" src=\"https:\/\/msidee.com\/wp-content\/uploads\/2023\/07\/service_inner_etude_conception_2_grand-1-1024x806.png\" class=\"attachment-large size-large wp-image-1950\" alt=\"\" srcset=\"https:\/\/msidee.com\/wp-content\/uploads\/2023\/07\/service_inner_etude_conception_2_grand-1-1024x806.png 1024w, https:\/\/msidee.com\/wp-content\/uploads\/2023\/07\/service_inner_etude_conception_2_grand-1-300x236.png 300w, https:\/\/msidee.com\/wp-content\/uploads\/2023\/07\/service_inner_etude_conception_2_grand-1-768x605.png 768w, https:\/\/msidee.com\/wp-content\/uploads\/2023\/07\/service_inner_etude_conception_2_grand-1-1536x1209.png 1536w, https:\/\/msidee.com\/wp-content\/uploads\/2023\/07\/service_inner_etude_conception_2_grand-1-2048x1612.png 2048w, https:\/\/msidee.com\/wp-content\/uploads\/2023\/07\/service_inner_etude_conception_2_grand-1-600x472.png 600w\" sizes=\"auto, (max-width: 751px) 100vw, 751px\" \/>\t\t\t\t\t\t\t\t\t\t\t\t\t\t\t<\/div>\n\t\t\t\t<\/div>\n\t\t\t\t<div class=\"elementor-element elementor-element-9f457a7 elementor-widget elementor-widget-text-editor\" data-id=\"9f457a7\" data-element_type=\"widget\" data-widget_type=\"text-editor.default\">\n\t\t\t\t<div class=\"elementor-widget-container\">\n\t\t\t\t\t\t\t<div>R\u00e9alisation compl\u00e8te\u00a0par\u00a0MS\u00a0ID\u00c9E.<\/div>\t\t\t\t\t\t<\/div>\n\t\t\t\t<\/div>\n\t\t\t\t\t<\/div>\n\t\t<\/div>\n\t\t\t\t<div class=\"elementor-column elementor-col-50 elementor-inner-column elementor-element elementor-element-e11f81b sidebar-area elementor-invisible\" data-id=\"e11f81b\" data-element_type=\"column\" data-settings=\"{&quot;animation&quot;:&quot;bounceIn&quot;}\">\n\t\t\t<div class=\"elementor-widget-wrap\">\n\t\t\t\t\t\t\t\t\t<\/div>\n\t\t<\/div>\n\t\t\t\t\t\t\t<\/div>\n\t\t<\/section>\n\t\t\t\t\t<\/div>\n\t\t<\/div>\n\t\t\t\t\t\t\t<\/div>\n\t\t<\/section>\n\t\t\t\t\t\t\t<\/div>\n\t\t","protected":false},"excerpt":{"rendered":"<p>Structure D\u00e9coupe et soudure des m\u00e9taux. Machinerie Achat des modules, installation et optimisation. Electricit\u00e9 Raccordement, segmentation, s\u00e9curit\u00e9. Finition Peinture, interrupteur, lumi\u00e8res. Un besoin de conception ? +33-6-13-02-66-52 Contactez-nous pour une premi\u00e8re \u00e9tude de votre besoin. Nous contacter \u00c9tude et conception d&#8217;\u00e9l\u00e9ment compl\u00e9mentaire sur les cha\u00eenes de production. R\u00e9alisation compl\u00e8te\u00a0par\u00a0MS\u00a0ID\u00c9E.<\/p>\n","protected":false},"author":1,"featured_media":0,"parent":0,"menu_order":0,"comment_status":"closed","ping_status":"closed","template":"template-builder.php","meta":{"footnotes":""},"class_list":["post-24","page","type-page","status-publish","hentry"],"_links":{"self":[{"href":"https:\/\/msidee.com\/index.php\/wp-json\/wp\/v2\/pages\/24","targetHints":{"allow":["GET"]}}],"collection":[{"href":"https:\/\/msidee.com\/index.php\/wp-json\/wp\/v2\/pages"}],"about":[{"href":"https:\/\/msidee.com\/index.php\/wp-json\/wp\/v2\/types\/page"}],"author":[{"embeddable":true,"href":"https:\/\/msidee.com\/index.php\/wp-json\/wp\/v2\/users\/1"}],"replies":[{"embeddable":true,"href":"https:\/\/msidee.com\/index.php\/wp-json\/wp\/v2\/comments?post=24"}],"version-history":[{"count":71,"href":"https:\/\/msidee.com\/index.php\/wp-json\/wp\/v2\/pages\/24\/revisions"}],"predecessor-version":[{"id":2394,"href":"https:\/\/msidee.com\/index.php\/wp-json\/wp\/v2\/pages\/24\/revisions\/2394"}],"wp:attachment":[{"href":"https:\/\/msidee.com\/index.php\/wp-json\/wp\/v2\/media?parent=24"}],"curies":[{"name":"wp","href":"https:\/\/api.w.org\/{rel}","templated":true}]}}